{"id":31,"date":"2020-05-24T11:36:02","date_gmt":"2020-05-24T14:36:02","guid":{"rendered":"https:\/\/folhaminasgerais.wordpress.com\/?page_id=31"},"modified":"2020-05-24T11:36:02","modified_gmt":"2020-05-24T14:36:02","slug":"pagina-inicial","status":"publish","type":"page","link":"http:\/\/folhaminasgerais.com.br\/index.php\/pagina-inicial\/","title":{"rendered":"P\u00e1gina inicial"},"content":{"rendered":"\n<div class=\"wp-block-cover alignfull has-background-dim-30 has-background-dim\" style=\"background-image:url('https:\/\/redhillthemedemo.files.wordpress.com\/2019\/07\/kike-vega-f2qh3yjz6jk-unsplash.jpg');\"><div class=\"wp-block-cover__inner-container\">\n<h1 class=\"has-text-align-center\">Oficina de fim de semana de ioga<\/h1>\n\n\n\n<p style=\"text-align:center;\">Aproveite agora o pre\u00e7o especial do madrugador!<\/p>\n\n\n\n<div class=\"wp-block-button aligncenter\"><a class=\"wp-block-button__link\" href=\"#\">Inscreva-se!<\/a><\/div>\n<\/div><\/div>\n\n\n\n<div style=\"height:32px;\" aria-hidden=\"true\" class=\"wp-block-spacer\"><\/div>\n\n\n\n<h2 class=\"has-text-align-center\">Boas-vindas!<\/h2>\n\n\n\n<p>Nosso est\u00fadio oferece um espa\u00e7o calmo e tranquilo para a pr\u00e1tica de ioga em um ambiente seguro e acolhedor. Acreditamos que a ioga \u00e9 para todo mundo e todos s\u00e3o bem-vindos!<\/p>\n\n\n\n<p>Oferecemos aulas para alunos iniciantes e avan\u00e7ados, assim como sess\u00f5es especiais por tempo limitado de ioga pr\u00e9-natal, ioga para crian\u00e7as, medita\u00e7\u00e3o e mindfulness.<\/p>\n\n\n\n<blockquote class=\"wp-block-quote\"><p><em>A ioga permite que voc\u00ea encontre uma paz interior que n\u00e3o \u00e9 perturbada pelo estresse e pelas dificuldades do dia a dia<\/em>.<\/p><cite>B.K.S. Iyengar<\/cite><\/blockquote>\n","protected":false},"excerpt":{"rendered":"<p>Boas-vindas! Nosso est\u00fadio oferece um espa\u00e7o calmo e tranquilo para a pr\u00e1tica de ioga em um ambiente seguro e acolhedor. Acreditamos que a ioga \u00e9 para todo mundo e todos s\u00e3o bem-vindos! Oferecemos aulas para alunos iniciantes e avan\u00e7ados, assim como sess\u00f5es especiais por tempo limitado de ioga pr\u00e9-natal, ioga para crian\u00e7as, medita\u00e7\u00e3o e mindfulness. [&hellip;]<\/p>\n","protected":false},"author":2,"featured_media":0,"parent":0,"menu_order":0,"comment_status":"closed","ping_status":"closed","template":"","meta":[],"_links":{"self":[{"href":"http:\/\/folhaminasgerais.com.br\/index.php\/wp-json\/wp\/v2\/pages\/31"}],"collection":[{"href":"http:\/\/folhaminasgerais.com.br\/index.php\/wp-json\/wp\/v2\/pages"}],"about":[{"href":"http:\/\/folhaminasgerais.com.br\/index.php\/wp-json\/wp\/v2\/types\/page"}],"author":[{"embeddable":true,"href":"http:\/\/folhaminasgerais.com.br\/index.php\/wp-json\/wp\/v2\/users\/2"}],"replies":[{"embeddable":true,"href":"http:\/\/folhaminasgerais.com.br\/index.php\/wp-json\/wp\/v2\/comments?post=31"}],"version-history":[{"count":0,"href":"http:\/\/folhaminasgerais.com.br\/index.php\/wp-json\/wp\/v2\/pages\/31\/revisions"}],"wp:attachment":[{"href":"http:\/\/folhaminasgerais.com.br\/index.php\/wp-json\/wp\/v2\/media?parent=31"}],"curies":[{"name":"wp","href":"https:\/\/api.w.org\/{rel}","templated":true}]}}